{"id":46,"date":"2021-03-07T20:07:49","date_gmt":"2021-03-07T20:07:49","guid":{"rendered":"https:\/\/avimex.ca\/wp\/welcome-francais\/"},"modified":"2023-11-29T01:53:33","modified_gmt":"2023-11-29T01:53:33","slug":"welcome-francais","status":"publish","type":"page","link":"https:\/\/avimex.ca\/wp\/fr\/welcome-francais\/","title":{"rendered":"Bienvenue"},"content":{"rendered":"<p>Avimex est sp\u00e9cialis\u00e9 dans l&#8217;importation de produits alimentaires d&#8217;Arm\u00e9nie.<br \/>\nNos fournisseurs partenaires transforment les cultures exclusivement dans des zones \u00e9cologiquement propres.<br \/>\nDes recettes traditionnelles, sans ar\u00f4mes artificiels, ni additifs alimentaires, garantissent le succ\u00e8s de nos produits 100% naturels.<br \/>\nC&#8217;est la qualit\u00e9 des produits et des prix comp\u00e9titifs qui donnent \u00e0 notre entreprise une place restreinte mais ferme sur le march\u00e9 canadien.<\/p>\n","protected":false},"excerpt":{"rendered":"<p>Avimex est sp\u00e9cialis\u00e9 dans l&#8217;importation de produits alimentaires d&#8217;Arm\u00e9nie. Nos fournisseurs partenaires transforment les cultures exclusivement dans des zones \u00e9cologiquement propres. Des recettes traditionnelles, sans ar\u00f4mes<span class=\"excerpt-hellip\"> [\u2026]<\/span><\/p>\n","protected":false},"author":1,"featured_media":0,"parent":0,"menu_order":0,"comment_status":"closed","ping_status":"closed","template":"","meta":{"footnotes":""},"class_list":["post-46","page","type-page","status-publish","hentry"],"_links":{"self":[{"href":"https:\/\/avimex.ca\/wp\/wp-json\/wp\/v2\/pages\/46","targetHints":{"allow":["GET"]}}],"collection":[{"href":"https:\/\/avimex.ca\/wp\/wp-json\/wp\/v2\/pages"}],"about":[{"href":"https:\/\/avimex.ca\/wp\/wp-json\/wp\/v2\/types\/page"}],"author":[{"embeddable":true,"href":"https:\/\/avimex.ca\/wp\/wp-json\/wp\/v2\/users\/1"}],"replies":[{"embeddable":true,"href":"https:\/\/avimex.ca\/wp\/wp-json\/wp\/v2\/comments?post=46"}],"version-history":[{"count":1,"href":"https:\/\/avimex.ca\/wp\/wp-json\/wp\/v2\/pages\/46\/revisions"}],"predecessor-version":[{"id":566,"href":"https:\/\/avimex.ca\/wp\/wp-json\/wp\/v2\/pages\/46\/revisions\/566"}],"wp:attachment":[{"href":"https:\/\/avimex.ca\/wp\/wp-json\/wp\/v2\/media?parent=46"}],"curies":[{"name":"wp","href":"https:\/\/api.w.org\/{rel}","templated":true}]}}